{"id":409,"date":"2025-03-11T14:09:49","date_gmt":"2025-03-11T14:09:49","guid":{"rendered":"https:\/\/www.syntagma-novitas.eu\/o-nama\/"},"modified":"2025-03-27T13:15:50","modified_gmt":"2025-03-27T13:15:50","slug":"o-nama","status":"publish","type":"page","link":"https:\/\/www.syntagma-novitas.eu\/hr\/o-nama\/","title":{"rendered":"O nama"},"content":{"rendered":"\t\t<div data-elementor-type=\"wp-page\" data-elementor-id=\"409\" class=\"elementor elementor-409 elementor-73\" data-elementor-post-type=\"page\">\n\t\t\t\t<div class=\"elementor-element elementor-element-704fcbe e-flex e-con-boxed e-con e-parent\" data-id=\"704fcbe\" data-element_type=\"container\" data-e-type=\"container\" data-settings=\"{&quot;background_background&quot;:&quot;classic&quot;}\">\n\t\t\t\t\t<div class=\"e-con-inner\">\n\t\t<div class=\"elementor-element elementor-element-cc212e3 e-con-full e-flex e-con e-child\" data-id=\"cc212e3\" data-element_type=\"container\" data-e-type=\"container\">\n\t\t\t\t<div class=\"elementor-element elementor-element-22d158a elementor-icon-list--layout-inline elementor-align-center elementor-list-item-link-full_width elementor-widget elementor-widget-icon-list\" data-id=\"22d158a\" data-element_type=\"widget\" data-e-type=\"widget\" data-widget_type=\"icon-list.default\">\n\t\t\t\t<div class=\"elementor-widget-container\">\n\t\t\t\t\t\t\t<ul class=\"elementor-icon-list-items elementor-inline-items\">\n\t\t\t\t\t\t\t<li class=\"elementor-icon-list-item elementor-inline-item\">\n\t\t\t\t\t\t\t\t\t\t\t<a href=\"https:\/\/www.syntagma-novitas.eu\/hr\/\">\n\n\t\t\t\t\t\t\t\t\t\t\t<span class=\"elementor-icon-list-text\">Dom<\/span>\n\t\t\t\t\t\t\t\t\t\t\t<\/a>\n\t\t\t\t\t\t\t\t\t<\/li>\n\t\t\t\t\t\t\t\t<li class=\"elementor-icon-list-item elementor-inline-item\">\n\t\t\t\t\t\t\t\t\t\t\t<span class=\"elementor-icon-list-icon\">\n\t\t\t\t\t\t\t<svg aria-hidden=\"true\" class=\"e-font-icon-svg e-fas-chevron-right\" viewBox=\"0 0 320 512\" xmlns=\"http:\/\/www.w3.org\/2000\/svg\"><path d=\"M285.476 272.971L91.132 467.314c-9.373 9.373-24.569 9.373-33.941 0l-22.667-22.667c-9.357-9.357-9.375-24.522-.04-33.901L188.505 256 34.484 101.255c-9.335-9.379-9.317-24.544.04-33.901l22.667-22.667c9.373-9.373 24.569-9.373 33.941 0L285.475 239.03c9.373 9.372 9.373 24.568.001 33.941z\"><\/path><\/svg>\t\t\t\t\t\t<\/span>\n\t\t\t\t\t\t\t\t\t\t<span class=\"elementor-icon-list-text\">O nama<\/span>\n\t\t\t\t\t\t\t\t\t<\/li>\n\t\t\t\t\t\t<\/ul>\n\t\t\t\t\t\t<\/div>\n\t\t\t\t<\/div>\n\t\t\t\t<div class=\"elementor-element elementor-element-0886f0d elementor-widget elementor-widget-heading\" data-id=\"0886f0d\" data-element_type=\"widget\" data-e-type=\"widget\" data-widget_type=\"heading.default\">\n\t\t\t\t<div class=\"elementor-widget-container\">\n\t\t\t\t\t<h1 class=\"elementor-heading-title elementor-size-default\">O nama<\/h1>\t\t\t\t<\/div>\n\t\t\t\t<\/div>\n\t\t\t\t<\/div>\n\t\t\t\t\t<\/div>\n\t\t\t\t<\/div>\n\t\t<div class=\"elementor-element elementor-element-eec4fd4 e-flex e-con-boxed e-con e-parent\" data-id=\"eec4fd4\" data-element_type=\"container\" data-e-type=\"container\">\n\t\t\t\t\t<div class=\"e-con-inner\">\n\t\t<div class=\"elementor-element elementor-element-4f1af15 e-con-full e-flex elementor-invisible e-con e-child\" data-id=\"4f1af15\" data-element_type=\"container\" data-e-type=\"container\" data-settings=\"{&quot;animation&quot;:&quot;fadeInDown&quot;}\">\n\t\t\t\t<div class=\"elementor-element elementor-element-fa519fb elementor-widget elementor-widget-image\" data-id=\"fa519fb\" data-element_type=\"widget\" data-e-type=\"widget\" data-widget_type=\"image.default\">\n\t\t\t\t<div class=\"elementor-widget-container\">\n\t\t\t\t\t\t\t\t\t\t\t\t\t\t\t<img fetchpriority=\"high\" decoding=\"async\" width=\"800\" height=\"534\" src=\"https:\/\/www.syntagma-novitas.eu\/wp-content\/uploads\/2025\/03\/ian-schneider-TamMbr4okv4-unsplash-1024x683.jpg\" class=\"attachment-large size-large wp-image-404\" alt=\"\" srcset=\"https:\/\/www.syntagma-novitas.eu\/wp-content\/uploads\/2025\/03\/ian-schneider-TamMbr4okv4-unsplash-1024x683.jpg 1024w, https:\/\/www.syntagma-novitas.eu\/wp-content\/uploads\/2025\/03\/ian-schneider-TamMbr4okv4-unsplash-300x200.jpg 300w, https:\/\/www.syntagma-novitas.eu\/wp-content\/uploads\/2025\/03\/ian-schneider-TamMbr4okv4-unsplash-768x512.jpg 768w, https:\/\/www.syntagma-novitas.eu\/wp-content\/uploads\/2025\/03\/ian-schneider-TamMbr4okv4-unsplash.jpg 1280w\" sizes=\"(max-width: 800px) 100vw, 800px\" \/>\t\t\t\t\t\t\t\t\t\t\t\t\t\t\t<\/div>\n\t\t\t\t<\/div>\n\t\t\t\t<\/div>\n\t\t<div class=\"elementor-element elementor-element-dcc0558 e-con-full e-flex elementor-invisible e-con e-child\" data-id=\"dcc0558\" data-element_type=\"container\" data-e-type=\"container\" data-settings=\"{&quot;animation&quot;:&quot;fadeInRight&quot;}\">\n\t\t\t\t<div class=\"elementor-element elementor-element-5862e17 elementor-widget elementor-widget-heading\" data-id=\"5862e17\" data-element_type=\"widget\" data-e-type=\"widget\" data-widget_type=\"heading.default\">\n\t\t\t\t<div class=\"elementor-widget-container\">\n\t\t\t\t\t<h6 class=\"elementor-heading-title elementor-size-default\">O SINTAGMI<\/h6>\t\t\t\t<\/div>\n\t\t\t\t<\/div>\n\t\t\t\t<div class=\"elementor-element elementor-element-a57f5fd elementor-widget elementor-widget-heading\" data-id=\"a57f5fd\" data-element_type=\"widget\" data-e-type=\"widget\" data-widget_type=\"heading.default\">\n\t\t\t\t<div class=\"elementor-widget-container\">\n\t\t\t\t\t<h2 class=\"elementor-heading-title elementor-size-default\">Poma\u017eemo vam osigurati financiranje EU-a za va\u0161e istra\u017eivanje i inovacije<\/h2>\t\t\t\t<\/div>\n\t\t\t\t<\/div>\n\t\t\t\t<div class=\"elementor-element elementor-element-d5ecd05 elementor-widget elementor-widget-text-editor\" data-id=\"d5ecd05\" data-element_type=\"widget\" data-e-type=\"widget\" data-widget_type=\"text-editor.default\">\n\t\t\t\t<div class=\"elementor-widget-container\">\n\t\t\t\t\t\t\t\t\t<p>U Syntagmi smo specijalizirani za pru\u017eanje usluga stru\u010dnog savjetovanja za pripremu, prijavu i provedbu projekata financiranih bespovratnim sredstvima Europske unije. Na\u0161a je misija pomo\u0107i tvrtkama, javnim institucijama i organizacijama u pristupu dostupnim mogu\u0107nostima financiranja za poticanje rasta, inovacija i odr\u017eivog razvoja. <\/p>\t\t\t\t\t\t\t\t<\/div>\n\t\t\t\t<\/div>\n\t\t\t\t<\/div>\n\t\t\t\t\t<\/div>\n\t\t\t\t<\/div>\n\t\t<div class=\"elementor-element elementor-element-cd205fd e-flex e-con-boxed elementor-invisible e-con e-parent\" data-id=\"cd205fd\" data-element_type=\"container\" data-e-type=\"container\" data-settings=\"{&quot;background_background&quot;:&quot;classic&quot;,&quot;animation&quot;:&quot;fadeInUp&quot;}\">\n\t\t\t\t\t<div class=\"e-con-inner\">\n\t\t<div class=\"elementor-element elementor-element-9d5a438 e-con-full e-flex e-con e-child\" data-id=\"9d5a438\" data-element_type=\"container\" data-e-type=\"container\">\n\t\t\t\t<div class=\"elementor-element elementor-element-64ae2c9 elementor-widget elementor-widget-heading\" data-id=\"64ae2c9\" data-element_type=\"widget\" data-e-type=\"widget\" data-widget_type=\"heading.default\">\n\t\t\t\t<div class=\"elementor-widget-container\">\n\t\t\t\t\t<h2 class=\"elementor-heading-title elementor-size-default\">Na\u0161a pri\u010da i povijest<\/h2>\t\t\t\t<\/div>\n\t\t\t\t<\/div>\n\t\t\t\t<div class=\"elementor-element elementor-element-692cd95 elementor-widget elementor-widget-text-editor\" data-id=\"692cd95\" data-element_type=\"widget\" data-e-type=\"widget\" data-widget_type=\"text-editor.default\">\n\t\t\t\t<div class=\"elementor-widget-container\">\n\t\t\t\t\t\t\t\t\t<p>Uz dugogodi\u0161nje iskustvo i dokazane rezultate, nudimo sveobuhvatnu podr\u0161ku tijekom cijelog \u017eivotnog ciklusa projekta \u2013 od po\u010detnog koncepta do uspje\u0161ne izvedbe. Bilo da \u017eelite osigurati financiranje za novi projekt, optimizirati operativne procese ili unaprijediti svoje poslovanje putem EU fondova, na\u0161 predani tim je tu da vas vodi na svakom koraku. <\/p>\t\t\t\t\t\t\t\t<\/div>\n\t\t\t\t<\/div>\n\t\t\t\t<\/div>\n\t\t\t\t\t<\/div>\n\t\t\t\t<\/div>\n\t\t<div class=\"elementor-element elementor-element-19836dd e-flex e-con-boxed e-con e-parent\" data-id=\"19836dd\" data-element_type=\"container\" data-e-type=\"container\" data-settings=\"{&quot;background_background&quot;:&quot;classic&quot;}\">\n\t\t\t\t\t<div class=\"e-con-inner\">\n\t\t<div class=\"elementor-element elementor-element-17c59d6 e-con-full e-flex e-con e-child\" data-id=\"17c59d6\" data-element_type=\"container\" data-e-type=\"container\">\n\t\t<div class=\"elementor-element elementor-element-fd62f3b e-con-full e-flex e-con e-child\" data-id=\"fd62f3b\" data-element_type=\"container\" data-e-type=\"container\">\n\t\t<div class=\"elementor-element elementor-element-ec4aaba e-con-full e-flex elementor-invisible e-con e-child\" data-id=\"ec4aaba\" data-element_type=\"container\" data-e-type=\"container\" data-settings=\"{&quot;animation&quot;:&quot;fadeInLeft&quot;}\">\n\t\t\t\t<div class=\"elementor-element elementor-element-f601e3e elementor-widget elementor-widget-heading\" data-id=\"f601e3e\" data-element_type=\"widget\" data-e-type=\"widget\" data-widget_type=\"heading.default\">\n\t\t\t\t<div class=\"elementor-widget-container\">\n\t\t\t\t\t<h2 class=\"elementor-heading-title elementor-size-default\">Svako putovanje po\u010dinje prvim korakom.<\/h2>\t\t\t\t<\/div>\n\t\t\t\t<\/div>\n\t\t\t\t<\/div>\n\t\t<div class=\"elementor-element elementor-element-47387ba e-con-full e-flex elementor-invisible e-con e-child\" data-id=\"47387ba\" data-element_type=\"container\" data-e-type=\"container\" data-settings=\"{&quot;animation&quot;:&quot;fadeInRight&quot;}\">\n\t\t\t\t<div class=\"elementor-element elementor-element-4be4fe7 elementor-widget elementor-widget-text-editor\" data-id=\"4be4fe7\" data-element_type=\"widget\" data-e-type=\"widget\" data-widget_type=\"text-editor.default\">\n\t\t\t\t<div class=\"elementor-widget-container\">\n\t\t\t\t\t\t\t\t\t<p>U Syntagmi smo specijalizirani za pomaganje istra\u017eiva\u010dima, tvrtkama i institucijama da se uspje\u0161no sna\u0111u u slo\u017eenosti financiranja programa Horizon Europe. S velikim iskustvom u projektima financiranim sredstvima EU-a, pru\u017eamo stru\u010dne smjernice za pisanje prijedloga, stvaranje konzorcija i upravljanje projektima kako bismo maksimalno pove\u0107ali uspjeh financiranja. Na\u0161 tim sastavljen je od stru\u010dnjaka s jakim iskustvom u istra\u017eivanju, inovacijama i pisanju bespovratnih sredstava, \u010dime se osigurava da je svaki projekt strate\u0161ki uskla\u0111en s prioritetima i kriterijima financiranja EU-a. Osim osiguravanja financiranja, nudimo prakti\u010dnu podr\u0161ku u provedbi projekta, uskla\u0111enosti i maksimiziranju u\u010dinka. Bilo da se prijavljujete za svoju prvu potporu ili \u017eelite optimizirati svoju strategiju financiranja, predani smo pretvaranju va\u0161ih ciljeva istra\u017eivanja i inovacija u stvarnost.    <\/p>\t\t\t\t\t\t\t\t<\/div>\n\t\t\t\t<\/div>\n\t\t\t\t<\/div>\n\t\t\t\t<\/div>\n\t\t<div class=\"elementor-element elementor-element-0c1d160 e-con-full e-flex e-con e-child\" data-id=\"0c1d160\" data-element_type=\"container\" data-e-type=\"container\">\n\t\t<div class=\"elementor-element elementor-element-fbc7e9d e-con-full e-flex elementor-invisible e-con e-child\" data-id=\"fbc7e9d\" data-element_type=\"container\" data-e-type=\"container\" data-settings=\"{&quot;animation&quot;:&quot;bounceInDown&quot;,&quot;animation_delay&quot;:120}\">\n\t\t\t\t<div class=\"elementor-element elementor-element-d944d4d elementor-widget elementor-widget-premium-counter\" data-id=\"d944d4d\" data-element_type=\"widget\" data-e-type=\"widget\" data-widget_type=\"premium-counter.default\">\n\t\t\t\t<div class=\"elementor-widget-container\">\n\t\t\t\t\t\n\t\t<div class=\"premium-counter premium-counter-area left\" data-duration=\"3000\" data-from-value=\"0\" data-to-value=\"40\" data-delimiter=\",\" data-rounding=\"0\">\n\t\t\t\n\t\t<div class=\"premium-counter-icon\">\n\n\t\t\t<span class=\"icon\" data-animation=\"\">\n\n\t\t\t\t\t\t\t\t\t<i class=\"premium-svg-nodraw premium-drawable-icon icon icon-star\" aria-hidden=\"true\"><\/i>\n\t\t\t\t\n\t\t\t<\/span>\n\t\t<\/div>\n\n\t\t\n\t\t<div class=\"premium-init-wrapper column\">\n\n\t\t\t<div class=\"premium-counter-value-wrap\">\n\t\t\t\t\n\t\t\t\t<span class=\"premium-counter-init\" id=\"counter-d944d4d\">0<\/span>\n\n\t\t\t\t\t\t\t\t\t<span id=\"suffix\" class=\"counter-su-pre\">%<\/span>\n\t\t\t\t\t\t\t<\/div>\n\n\t\t\t\t\t\t\t<div class=\"premium-counter-title\">\n\t\t\t\t\t<p class=\"premium-counter-title-val\">\n\t\t\t\t\t\tUspje\u0161ne suradnje\t\t\t\t\t<\/p>\n\t\t\t\t\t\t\t\t\t<\/div>\n\t\t\t\t\t<\/div>\n\n\t\t\t\t<\/div>\n\n\t\t\t\t\t\t<\/div>\n\t\t\t\t<\/div>\n\t\t\t\t<\/div>\n\t\t<div class=\"elementor-element elementor-element-45b63fe e-con-full e-flex elementor-invisible e-con e-child\" data-id=\"45b63fe\" data-element_type=\"container\" data-e-type=\"container\" data-settings=\"{&quot;animation&quot;:&quot;bounceInDown&quot;,&quot;animation_delay&quot;:240}\">\n\t\t\t\t<div class=\"elementor-element elementor-element-129154a elementor-widget elementor-widget-premium-counter\" data-id=\"129154a\" data-element_type=\"widget\" data-e-type=\"widget\" data-widget_type=\"premium-counter.default\">\n\t\t\t\t<div class=\"elementor-widget-container\">\n\t\t\t\t\t\n\t\t<div class=\"premium-counter premium-counter-area left\" data-duration=\"3000\" data-from-value=\"0\" data-to-value=\"10\" data-delimiter=\",\" data-rounding=\"0\">\n\t\t\t\n\t\t<div class=\"premium-counter-icon\">\n\n\t\t\t<span class=\"icon\" data-animation=\"\">\n\n\t\t\t\t\t\t\t\t\t<i class=\"premium-svg-nodraw premium-drawable-icon icon icon-trophy1\" aria-hidden=\"true\"><\/i>\n\t\t\t\t\n\t\t\t<\/span>\n\t\t<\/div>\n\n\t\t\n\t\t<div class=\"premium-init-wrapper column\">\n\n\t\t\t<div class=\"premium-counter-value-wrap\">\n\t\t\t\t\n\t\t\t\t<span class=\"premium-counter-init\" id=\"counter-129154a\">0<\/span>\n\n\t\t\t\t\t\t\t\t\t<span id=\"suffix\" class=\"counter-su-pre\">+<\/span>\n\t\t\t\t\t\t\t<\/div>\n\n\t\t\t\t\t\t\t<div class=\"premium-counter-title\">\n\t\t\t\t\t<p class=\"premium-counter-title-val\">\n\t\t\t\t\t\tObzor Europa i projekti koje financira EU\t\t\t\t\t<\/p>\n\t\t\t\t\t\t\t\t\t<\/div>\n\t\t\t\t\t<\/div>\n\n\t\t\t\t<\/div>\n\n\t\t\t\t\t\t<\/div>\n\t\t\t\t<\/div>\n\t\t\t\t<\/div>\n\t\t<div class=\"elementor-element elementor-element-c454776 e-con-full e-flex elementor-invisible e-con e-child\" data-id=\"c454776\" data-element_type=\"container\" data-e-type=\"container\" data-settings=\"{&quot;animation&quot;:&quot;bounceInDown&quot;,&quot;animation_delay&quot;:100}\">\n\t\t\t\t<div class=\"elementor-element elementor-element-5d088ad elementor-widget elementor-widget-premium-counter\" data-id=\"5d088ad\" data-element_type=\"widget\" data-e-type=\"widget\" data-widget_type=\"premium-counter.default\">\n\t\t\t\t<div class=\"elementor-widget-container\">\n\t\t\t\t\t\n\t\t<div class=\"premium-counter premium-counter-area left\" data-duration=\"3000\" data-from-value=\"0\" data-to-value=\"5\" data-delimiter=\",\" data-rounding=\"0\">\n\t\t\t\n\t\t<div class=\"premium-counter-icon\">\n\n\t\t\t<span class=\"icon\" data-animation=\"\">\n\n\t\t\t\t\t\t\t\t\t<i class=\"premium-svg-nodraw premium-drawable-icon icon icon-friendship\" aria-hidden=\"true\"><\/i>\n\t\t\t\t\n\t\t\t<\/span>\n\t\t<\/div>\n\n\t\t\n\t\t<div class=\"premium-init-wrapper column\">\n\n\t\t\t<div class=\"premium-counter-value-wrap\">\n\t\t\t\t\n\t\t\t\t<span class=\"premium-counter-init\" id=\"counter-5d088ad\">0<\/span>\n\n\t\t\t\t\t\t\t\t\t<span id=\"suffix\" class=\"counter-su-pre\">+<\/span>\n\t\t\t\t\t\t\t<\/div>\n\n\t\t\t\t\t\t\t<div class=\"premium-counter-title\">\n\t\t\t\t\t<p class=\"premium-counter-title-val\">\n\t\t\t\t\t\tGodine stru\u010dnosti u istra\u017eivanju i financiranju\t\t\t\t\t<\/p>\n\t\t\t\t\t\t\t\t\t<\/div>\n\t\t\t\t\t<\/div>\n\n\t\t\t\t<\/div>\n\n\t\t\t\t\t\t<\/div>\n\t\t\t\t<\/div>\n\t\t\t\t<\/div>\n\t\t\t\t<\/div>\n\t\t\t\t<\/div>\n\t\t\t\t\t<\/div>\n\t\t\t\t<\/div>\n\t\t<div class=\"elementor-element elementor-element-0a5fbb4 e-flex e-con-boxed e-con e-parent\" data-id=\"0a5fbb4\" data-element_type=\"container\" data-e-type=\"container\">\n\t\t\t\t\t<div class=\"e-con-inner\">\n\t\t\t\t\t<\/div>\n\t\t\t\t<\/div>\n\t\t\t\t<\/div>\n\t\t","protected":false},"excerpt":{"rendered":"<p>Dom O SINTAGMI Poma\u017eemo vam osigurati financiranje EU-a za va\u0161e istra\u017eivanje i inovacije U Syntagmi smo specijalizirani za pru\u017eanje usluga stru\u010dnog savjetovanja za pripremu, prijavu i provedbu projekata financiranih bespovratnim sredstvima Europske unije. Na\u0161a je misija pomo\u0107i tvrtkama, javnim institucijama i organizacijama u pristupu dostupnim mogu\u0107nostima financiranja za poticanje rasta, inovacija i odr\u017eivog razvoja. Na\u0161a [&hellip;]<\/p>\n","protected":false},"author":1,"featured_media":0,"parent":0,"menu_order":0,"comment_status":"closed","ping_status":"closed","template":"elementor_header_footer","meta":{"footnotes":""},"class_list":["post-409","page","type-page","status-publish","hentry"],"yoast_head":"<!-- This site is optimized with the Yoast SEO plugin v27.6 - https:\/\/yoast.com\/product\/yoast-seo-wordpress\/ -->\n<title>O nama - Syntagma Novitas.eu<\/title>\n<meta name=\"robots\" content=\"index, follow, max-snippet:-1, max-image-preview:large, max-video-preview:-1\" \/>\n<link rel=\"canonical\" href=\"https:\/\/www.syntagma-novitas.eu\/hr\/o-nama\/\" \/>\n<meta property=\"og:locale\" content=\"hr_HR\" \/>\n<meta property=\"og:type\" content=\"article\" \/>\n<meta property=\"og:title\" content=\"O nama - Syntagma Novitas.eu\" \/>\n<meta property=\"og:description\" content=\"Dom O SINTAGMI Poma\u017eemo vam osigurati financiranje EU-a za va\u0161e istra\u017eivanje i inovacije U Syntagmi smo specijalizirani za pru\u017eanje usluga stru\u010dnog savjetovanja za pripremu, prijavu i provedbu projekata financiranih bespovratnim sredstvima Europske unije. Na\u0161a je misija pomo\u0107i tvrtkama, javnim institucijama i organizacijama u pristupu dostupnim mogu\u0107nostima financiranja za poticanje rasta, inovacija i odr\u017eivog razvoja. Na\u0161a [&hellip;]\" \/>\n<meta property=\"og:url\" content=\"https:\/\/www.syntagma-novitas.eu\/hr\/o-nama\/\" \/>\n<meta property=\"og:site_name\" content=\"Syntagma Novitas.eu\" \/>\n<meta property=\"article:modified_time\" content=\"2025-03-27T13:15:50+00:00\" \/>\n<meta property=\"og:image\" content=\"https:\/\/www.syntagma-novitas.eu\/wp-content\/uploads\/2025\/03\/ian-schneider-TamMbr4okv4-unsplash.jpg\" \/>\n\t<meta property=\"og:image:width\" content=\"1280\" \/>\n\t<meta property=\"og:image:height\" content=\"854\" \/>\n\t<meta property=\"og:image:type\" content=\"image\/jpeg\" \/>\n<meta name=\"twitter:card\" content=\"summary_large_image\" \/>\n<meta name=\"twitter:label1\" content=\"Procijenjeno vrijeme \u010ditanja\" \/>\n\t<meta name=\"twitter:data1\" content=\"1 minuta\" \/>\n<script type=\"application\/ld+json\" class=\"yoast-schema-graph\">{\"@context\":\"https:\\\/\\\/schema.org\",\"@graph\":[{\"@type\":\"WebPage\",\"@id\":\"https:\\\/\\\/www.syntagma-novitas.eu\\\/hr\\\/o-nama\\\/\",\"url\":\"https:\\\/\\\/www.syntagma-novitas.eu\\\/hr\\\/o-nama\\\/\",\"name\":\"O nama - Syntagma Novitas.eu\",\"isPartOf\":{\"@id\":\"https:\\\/\\\/www.syntagma-novitas.eu\\\/hr\\\/#website\"},\"primaryImageOfPage\":{\"@id\":\"https:\\\/\\\/www.syntagma-novitas.eu\\\/hr\\\/o-nama\\\/#primaryimage\"},\"image\":{\"@id\":\"https:\\\/\\\/www.syntagma-novitas.eu\\\/hr\\\/o-nama\\\/#primaryimage\"},\"thumbnailUrl\":\"https:\\\/\\\/www.syntagma-novitas.eu\\\/wp-content\\\/uploads\\\/2025\\\/03\\\/ian-schneider-TamMbr4okv4-unsplash-1024x683.jpg\",\"datePublished\":\"2025-03-11T14:09:49+00:00\",\"dateModified\":\"2025-03-27T13:15:50+00:00\",\"breadcrumb\":{\"@id\":\"https:\\\/\\\/www.syntagma-novitas.eu\\\/hr\\\/o-nama\\\/#breadcrumb\"},\"inLanguage\":\"hr\",\"potentialAction\":[{\"@type\":\"ReadAction\",\"target\":[\"https:\\\/\\\/www.syntagma-novitas.eu\\\/hr\\\/o-nama\\\/\"]}]},{\"@type\":\"ImageObject\",\"inLanguage\":\"hr\",\"@id\":\"https:\\\/\\\/www.syntagma-novitas.eu\\\/hr\\\/o-nama\\\/#primaryimage\",\"url\":\"https:\\\/\\\/www.syntagma-novitas.eu\\\/wp-content\\\/uploads\\\/2025\\\/03\\\/ian-schneider-TamMbr4okv4-unsplash-1024x683.jpg\",\"contentUrl\":\"https:\\\/\\\/www.syntagma-novitas.eu\\\/wp-content\\\/uploads\\\/2025\\\/03\\\/ian-schneider-TamMbr4okv4-unsplash-1024x683.jpg\"},{\"@type\":\"BreadcrumbList\",\"@id\":\"https:\\\/\\\/www.syntagma-novitas.eu\\\/hr\\\/o-nama\\\/#breadcrumb\",\"itemListElement\":[{\"@type\":\"ListItem\",\"position\":1,\"name\":\"Home\",\"item\":\"https:\\\/\\\/www.syntagma-novitas.eu\\\/hr\\\/\"},{\"@type\":\"ListItem\",\"position\":2,\"name\":\"O nama\"}]},{\"@type\":\"WebSite\",\"@id\":\"https:\\\/\\\/www.syntagma-novitas.eu\\\/hr\\\/#website\",\"url\":\"https:\\\/\\\/www.syntagma-novitas.eu\\\/hr\\\/\",\"name\":\"Syntagma\",\"description\":\"Syntagma Novitas.eu\",\"publisher\":{\"@id\":\"https:\\\/\\\/www.syntagma-novitas.eu\\\/hr\\\/#organization\"},\"potentialAction\":[{\"@type\":\"SearchAction\",\"target\":{\"@type\":\"EntryPoint\",\"urlTemplate\":\"https:\\\/\\\/www.syntagma-novitas.eu\\\/hr\\\/?s={search_term_string}\"},\"query-input\":{\"@type\":\"PropertyValueSpecification\",\"valueRequired\":true,\"valueName\":\"search_term_string\"}}],\"inLanguage\":\"hr\"},{\"@type\":\"Organization\",\"@id\":\"https:\\\/\\\/www.syntagma-novitas.eu\\\/hr\\\/#organization\",\"name\":\"Syntagma Novitas\",\"url\":\"https:\\\/\\\/www.syntagma-novitas.eu\\\/hr\\\/\",\"logo\":{\"@type\":\"ImageObject\",\"inLanguage\":\"hr\",\"@id\":\"https:\\\/\\\/www.syntagma-novitas.eu\\\/hr\\\/#\\\/schema\\\/logo\\\/image\\\/\",\"url\":\"https:\\\/\\\/www.syntagma-novitas.eu\\\/wp-content\\\/uploads\\\/2025\\\/03\\\/syntagma_colors_hexa.pdf-360-x-150-piks.png\",\"contentUrl\":\"https:\\\/\\\/www.syntagma-novitas.eu\\\/wp-content\\\/uploads\\\/2025\\\/03\\\/syntagma_colors_hexa.pdf-360-x-150-piks.png\",\"width\":360,\"height\":150,\"caption\":\"Syntagma Novitas\"},\"image\":{\"@id\":\"https:\\\/\\\/www.syntagma-novitas.eu\\\/hr\\\/#\\\/schema\\\/logo\\\/image\\\/\"}}]}<\/script>\n<!-- \/ Yoast SEO plugin. -->","yoast_head_json":{"title":"O nama - Syntagma Novitas.eu","robots":{"index":"index","follow":"follow","max-snippet":"max-snippet:-1","max-image-preview":"max-image-preview:large","max-video-preview":"max-video-preview:-1"},"canonical":"https:\/\/www.syntagma-novitas.eu\/hr\/o-nama\/","og_locale":"hr_HR","og_type":"article","og_title":"O nama - Syntagma Novitas.eu","og_description":"Dom O SINTAGMI Poma\u017eemo vam osigurati financiranje EU-a za va\u0161e istra\u017eivanje i inovacije U Syntagmi smo specijalizirani za pru\u017eanje usluga stru\u010dnog savjetovanja za pripremu, prijavu i provedbu projekata financiranih bespovratnim sredstvima Europske unije. Na\u0161a je misija pomo\u0107i tvrtkama, javnim institucijama i organizacijama u pristupu dostupnim mogu\u0107nostima financiranja za poticanje rasta, inovacija i odr\u017eivog razvoja. Na\u0161a [&hellip;]","og_url":"https:\/\/www.syntagma-novitas.eu\/hr\/o-nama\/","og_site_name":"Syntagma Novitas.eu","article_modified_time":"2025-03-27T13:15:50+00:00","og_image":[{"width":1280,"height":854,"url":"https:\/\/www.syntagma-novitas.eu\/wp-content\/uploads\/2025\/03\/ian-schneider-TamMbr4okv4-unsplash.jpg","type":"image\/jpeg"}],"twitter_card":"summary_large_image","twitter_misc":{"Procijenjeno vrijeme \u010ditanja":"1 minuta"},"schema":{"@context":"https:\/\/schema.org","@graph":[{"@type":"WebPage","@id":"https:\/\/www.syntagma-novitas.eu\/hr\/o-nama\/","url":"https:\/\/www.syntagma-novitas.eu\/hr\/o-nama\/","name":"O nama - Syntagma Novitas.eu","isPartOf":{"@id":"https:\/\/www.syntagma-novitas.eu\/hr\/#website"},"primaryImageOfPage":{"@id":"https:\/\/www.syntagma-novitas.eu\/hr\/o-nama\/#primaryimage"},"image":{"@id":"https:\/\/www.syntagma-novitas.eu\/hr\/o-nama\/#primaryimage"},"thumbnailUrl":"https:\/\/www.syntagma-novitas.eu\/wp-content\/uploads\/2025\/03\/ian-schneider-TamMbr4okv4-unsplash-1024x683.jpg","datePublished":"2025-03-11T14:09:49+00:00","dateModified":"2025-03-27T13:15:50+00:00","breadcrumb":{"@id":"https:\/\/www.syntagma-novitas.eu\/hr\/o-nama\/#breadcrumb"},"inLanguage":"hr","potentialAction":[{"@type":"ReadAction","target":["https:\/\/www.syntagma-novitas.eu\/hr\/o-nama\/"]}]},{"@type":"ImageObject","inLanguage":"hr","@id":"https:\/\/www.syntagma-novitas.eu\/hr\/o-nama\/#primaryimage","url":"https:\/\/www.syntagma-novitas.eu\/wp-content\/uploads\/2025\/03\/ian-schneider-TamMbr4okv4-unsplash-1024x683.jpg","contentUrl":"https:\/\/www.syntagma-novitas.eu\/wp-content\/uploads\/2025\/03\/ian-schneider-TamMbr4okv4-unsplash-1024x683.jpg"},{"@type":"BreadcrumbList","@id":"https:\/\/www.syntagma-novitas.eu\/hr\/o-nama\/#breadcrumb","itemListElement":[{"@type":"ListItem","position":1,"name":"Home","item":"https:\/\/www.syntagma-novitas.eu\/hr\/"},{"@type":"ListItem","position":2,"name":"O nama"}]},{"@type":"WebSite","@id":"https:\/\/www.syntagma-novitas.eu\/hr\/#website","url":"https:\/\/www.syntagma-novitas.eu\/hr\/","name":"Syntagma","description":"Syntagma Novitas.eu","publisher":{"@id":"https:\/\/www.syntagma-novitas.eu\/hr\/#organization"},"potentialAction":[{"@type":"SearchAction","target":{"@type":"EntryPoint","urlTemplate":"https:\/\/www.syntagma-novitas.eu\/hr\/?s={search_term_string}"},"query-input":{"@type":"PropertyValueSpecification","valueRequired":true,"valueName":"search_term_string"}}],"inLanguage":"hr"},{"@type":"Organization","@id":"https:\/\/www.syntagma-novitas.eu\/hr\/#organization","name":"Syntagma Novitas","url":"https:\/\/www.syntagma-novitas.eu\/hr\/","logo":{"@type":"ImageObject","inLanguage":"hr","@id":"https:\/\/www.syntagma-novitas.eu\/hr\/#\/schema\/logo\/image\/","url":"https:\/\/www.syntagma-novitas.eu\/wp-content\/uploads\/2025\/03\/syntagma_colors_hexa.pdf-360-x-150-piks.png","contentUrl":"https:\/\/www.syntagma-novitas.eu\/wp-content\/uploads\/2025\/03\/syntagma_colors_hexa.pdf-360-x-150-piks.png","width":360,"height":150,"caption":"Syntagma Novitas"},"image":{"@id":"https:\/\/www.syntagma-novitas.eu\/hr\/#\/schema\/logo\/image\/"}}]}},"_links":{"self":[{"href":"https:\/\/www.syntagma-novitas.eu\/hr\/wp-json\/wp\/v2\/pages\/409","targetHints":{"allow":["GET"]}}],"collection":[{"href":"https:\/\/www.syntagma-novitas.eu\/hr\/wp-json\/wp\/v2\/pages"}],"about":[{"href":"https:\/\/www.syntagma-novitas.eu\/hr\/wp-json\/wp\/v2\/types\/page"}],"author":[{"embeddable":true,"href":"https:\/\/www.syntagma-novitas.eu\/hr\/wp-json\/wp\/v2\/users\/1"}],"replies":[{"embeddable":true,"href":"https:\/\/www.syntagma-novitas.eu\/hr\/wp-json\/wp\/v2\/comments?post=409"}],"version-history":[{"count":1,"href":"https:\/\/www.syntagma-novitas.eu\/hr\/wp-json\/wp\/v2\/pages\/409\/revisions"}],"predecessor-version":[{"id":410,"href":"https:\/\/www.syntagma-novitas.eu\/hr\/wp-json\/wp\/v2\/pages\/409\/revisions\/410"}],"wp:attachment":[{"href":"https:\/\/www.syntagma-novitas.eu\/hr\/wp-json\/wp\/v2\/media?parent=409"}],"curies":[{"name":"wp","href":"https:\/\/api.w.org\/{rel}","templated":true}]}}