{"id":411,"date":"2025-03-11T14:10:55","date_gmt":"2025-03-11T14:10:55","guid":{"rendered":"https:\/\/www.syntagma-novitas.eu\/kontakt\/"},"modified":"2025-03-27T13:19:51","modified_gmt":"2025-03-27T13:19:51","slug":"kontakt","status":"publish","type":"page","link":"https:\/\/www.syntagma-novitas.eu\/hr\/kontakt\/","title":{"rendered":"Kontakt"},"content":{"rendered":"\t\t<div data-elementor-type=\"wp-page\" data-elementor-id=\"411\" class=\"elementor elementor-411 elementor-79\" data-elementor-post-type=\"page\">\n\t\t\t\t<div class=\"elementor-element elementor-element-be0f9b4 e-flex e-con-boxed e-con e-parent\" data-id=\"be0f9b4\" data-element_type=\"container\" data-e-type=\"container\" data-settings=\"{&quot;background_background&quot;:&quot;classic&quot;}\">\n\t\t\t\t\t<div class=\"e-con-inner\">\n\t\t<div class=\"elementor-element elementor-element-25e880f e-con-full e-flex e-con e-child\" data-id=\"25e880f\" data-element_type=\"container\" data-e-type=\"container\">\n\t\t\t\t<div class=\"elementor-element elementor-element-44fc3ad elementor-icon-list--layout-inline elementor-align-center elementor-list-item-link-full_width elementor-widget elementor-widget-icon-list\" data-id=\"44fc3ad\" data-element_type=\"widget\" data-e-type=\"widget\" data-widget_type=\"icon-list.default\">\n\t\t\t\t<div class=\"elementor-widget-container\">\n\t\t\t\t\t\t\t<ul class=\"elementor-icon-list-items elementor-inline-items\">\n\t\t\t\t\t\t\t<li class=\"elementor-icon-list-item elementor-inline-item\">\n\t\t\t\t\t\t\t\t\t\t\t<a href=\"https:\/\/www.syntagma-novitas.eu\/hr\/\">\n\n\t\t\t\t\t\t\t\t\t\t\t<span class=\"elementor-icon-list-text\">Dom<\/span>\n\t\t\t\t\t\t\t\t\t\t\t<\/a>\n\t\t\t\t\t\t\t\t\t<\/li>\n\t\t\t\t\t\t\t\t<li class=\"elementor-icon-list-item elementor-inline-item\">\n\t\t\t\t\t\t\t\t\t\t\t<span class=\"elementor-icon-list-icon\">\n\t\t\t\t\t\t\t<svg aria-hidden=\"true\" class=\"e-font-icon-svg e-fas-chevron-right\" viewBox=\"0 0 320 512\" xmlns=\"http:\/\/www.w3.org\/2000\/svg\"><path d=\"M285.476 272.971L91.132 467.314c-9.373 9.373-24.569 9.373-33.941 0l-22.667-22.667c-9.357-9.357-9.375-24.522-.04-33.901L188.505 256 34.484 101.255c-9.335-9.379-9.317-24.544.04-33.901l22.667-22.667c9.373-9.373 24.569-9.373 33.941 0L285.475 239.03c9.373 9.372 9.373 24.568.001 33.941z\"><\/path><\/svg>\t\t\t\t\t\t<\/span>\n\t\t\t\t\t\t\t\t\t\t<span class=\"elementor-icon-list-text\">Kontakt<\/span>\n\t\t\t\t\t\t\t\t\t<\/li>\n\t\t\t\t\t\t<\/ul>\n\t\t\t\t\t\t<\/div>\n\t\t\t\t<\/div>\n\t\t\t\t<div class=\"elementor-element elementor-element-3c1748b elementor-widget elementor-widget-heading\" data-id=\"3c1748b\" data-element_type=\"widget\" data-e-type=\"widget\" data-widget_type=\"heading.default\">\n\t\t\t\t<div class=\"elementor-widget-container\">\n\t\t\t\t\t<h1 class=\"elementor-heading-title elementor-size-default\">Kontakt<\/h1>\t\t\t\t<\/div>\n\t\t\t\t<\/div>\n\t\t\t\t<\/div>\n\t\t\t\t\t<\/div>\n\t\t\t\t<\/div>\n\t\t<div class=\"elementor-element elementor-element-1ea7060 e-flex e-con-boxed e-con e-parent\" data-id=\"1ea7060\" data-element_type=\"container\" data-e-type=\"container\">\n\t\t\t\t\t<div class=\"e-con-inner\">\n\t\t<div class=\"elementor-element elementor-element-86a9c54 e-con-full e-flex elementor-invisible e-con e-child\" data-id=\"86a9c54\" data-element_type=\"container\" data-e-type=\"container\" data-settings=\"{&quot;animation&quot;:&quot;fadeInLeft&quot;}\">\n\t\t\t\t<div class=\"elementor-element elementor-element-5e770ac elementor-widget elementor-widget-heading\" data-id=\"5e770ac\" data-element_type=\"widget\" data-e-type=\"widget\" data-widget_type=\"heading.default\">\n\t\t\t\t<div class=\"elementor-widget-container\">\n\t\t\t\t\t<h6 class=\"elementor-heading-title elementor-size-default\">Razgovarajmo  <\/h6>\t\t\t\t<\/div>\n\t\t\t\t<\/div>\n\t\t\t\t<div class=\"elementor-element elementor-element-abf55ba elementor-widget-tablet__width-initial elementor-widget elementor-widget-heading\" data-id=\"abf55ba\" data-element_type=\"widget\" data-e-type=\"widget\" data-widget_type=\"heading.default\">\n\t\t\t\t<div class=\"elementor-widget-container\">\n\t\t\t\t\t<h2 class=\"elementor-heading-title elementor-size-default\">Dobra pri\u010da po\u010dinje jednostavnim pozdravom.<\/h2>\t\t\t\t<\/div>\n\t\t\t\t<\/div>\n\t\t\t\t<div class=\"elementor-element elementor-element-4278196 elementor-widget elementor-widget-text-editor\" data-id=\"4278196\" data-element_type=\"widget\" data-e-type=\"widget\" data-widget_type=\"text-editor.default\">\n\t\t\t\t<div class=\"elementor-widget-container\">\n\t\t\t\t\t\t\t\t\t<p>Ovdje smo da pomognemo! Bez obzira trebate li stru\u010dno vodstvo o projektima Horizon Europe ili se samo \u017eelite pozdraviti, obratite nam se u bilo kojem trenutku. <\/p>\t\t\t\t\t\t\t\t<\/div>\n\t\t\t\t<\/div>\n\t\t\t\t<\/div>\n\t\t<div class=\"elementor-element elementor-element-26969f9 e-con-full e-flex elementor-invisible e-con e-child\" data-id=\"26969f9\" data-element_type=\"container\" data-e-type=\"container\" data-settings=\"{&quot;animation&quot;:&quot;fadeInRight&quot;}\">\n\t\t\t\t<div class=\"elementor-element elementor-element-f10899a elementor-widget elementor-widget-eael-feature-list\" data-id=\"f10899a\" data-element_type=\"widget\" data-e-type=\"widget\" data-widget_type=\"eael-feature-list.default\">\n\t\t\t\t<div class=\"elementor-widget-container\">\n\t\t\t\t\t\t\t<div class=\"-icon-position-left -tablet-icon-position-left -mobile-icon-position-left\">\n\t\t\t<ul id=\"eael-feature-list-f10899a\" class=\"eael-feature-list-items square stacked  eael-feature-list-vertical\" data-layout-tablet=\"vertical\" data-layout-mobile=\"vertical\">\n\t\t\t                <li class=\"eael-feature-list-item elementor-repeater-item-a1e1ff8\">\n                    \n\t\t\t\t\t\t<div class=\"eael-feature-list-icon-box\">\n\t\t\t\t\t\t\t<div class=\"eael-feature-list-icon-inner\">\n\n\t\t\t\t\t\t\t\t<span class=\"eael-feature-list-icon fl-icon-0\">\n\n\t\t<svg aria-hidden=\"true\" class=\"e-font-icon-svg e-fas-map-marker-alt\" viewBox=\"0 0 384 512\" xmlns=\"http:\/\/www.w3.org\/2000\/svg\"><path d=\"M172.268 501.67C26.97 291.031 0 269.413 0 192 0 85.961 85.961 0 192 0s192 85.961 192 192c0 77.413-26.97 99.031-172.268 309.67-9.535 13.774-29.93 13.773-39.464 0zM192 272c44.183 0 80-35.817 80-80s-35.817-80-80-80-80 35.817-80 80 35.817 80 80 80z\"><\/path><\/svg>\t\t\t\t\t\t\t\t<\/span>\n\t\t\t\t\t\t\t<\/div>\n\t\t\t\t\t\t<\/div>\n\t\t\t\t\t\t<div class=\"eael-feature-list-content-box\">\n                            <h5 class=\"eael-feature-list-title\">Mjesto<\/h5>\t\t\t\t\t\t<p class=\"eael-feature-list-content\">Stinice 12, 21000 Split<\/p>\n\t\t\t\t\t\t<\/div>\n\n\t\t\t\t\t<\/li>\n\t\t\t\t                <li class=\"eael-feature-list-item elementor-repeater-item-ef1324d\">\n                    \n\t\t\t\t\t\t<div class=\"eael-feature-list-icon-box\">\n\t\t\t\t\t\t\t<div class=\"eael-feature-list-icon-inner\">\n\n\t\t\t\t\t\t\t\t<span class=\"eael-feature-list-icon fl-icon-1\">\n\n\t\t<svg aria-hidden=\"true\" class=\"e-font-icon-svg e-fas-envelope\" viewBox=\"0 0 512 512\" xmlns=\"http:\/\/www.w3.org\/2000\/svg\"><path d=\"M502.3 190.8c3.9-3.1 9.7-.2 9.7 4.7V400c0 26.5-21.5 48-48 48H48c-26.5 0-48-21.5-48-48V195.6c0-5 5.7-7.8 9.7-4.7 22.4 17.4 52.1 39.5 154.1 113.6 21.1 15.4 56.7 47.8 92.2 47.6 35.7.3 72-32.8 92.3-47.6 102-74.1 131.6-96.3 154-113.7zM256 320c23.2.4 56.6-29.2 73.4-41.4 132.7-96.3 142.8-104.7 173.4-128.7 5.8-4.5 9.2-11.5 9.2-18.9v-19c0-26.5-21.5-48-48-48H48C21.5 64 0 85.5 0 112v19c0 7.4 3.4 14.3 9.2 18.9 30.6 23.9 40.7 32.4 173.4 128.7 16.8 12.2 50.2 41.8 73.4 41.4z\"><\/path><\/svg>\t\t\t\t\t\t\t\t<\/span>\n\t\t\t\t\t\t\t<\/div>\n\t\t\t\t\t\t<\/div>\n\t\t\t\t\t\t<div class=\"eael-feature-list-content-box\">\n                            <h5 class=\"eael-feature-list-title\">Po\u0161aljite nam e-po\u0161tu<\/h5>\t\t\t\t\t\t<p class=\"eael-feature-list-content\">info@syntagma-novitas.eu<\/p>\n\t\t\t\t\t\t<\/div>\n\n\t\t\t\t\t<\/li>\n\t\t\t\t                <li class=\"eael-feature-list-item elementor-repeater-item-228ebad\">\n                    \n\t\t\t\t\t\t<div class=\"eael-feature-list-icon-box\">\n\t\t\t\t\t\t\t<div class=\"eael-feature-list-icon-inner\">\n\n\t\t\t\t\t\t\t\t<span class=\"eael-feature-list-icon fl-icon-2\">\n\n\t\t<svg aria-hidden=\"true\" class=\"e-font-icon-svg e-fas-phone-alt\" viewBox=\"0 0 512 512\" xmlns=\"http:\/\/www.w3.org\/2000\/svg\"><path d=\"M497.39 361.8l-112-48a24 24 0 0 0-28 6.9l-49.6 60.6A370.66 370.66 0 0 1 130.6 204.11l60.6-49.6a23.94 23.94 0 0 0 6.9-28l-48-112A24.16 24.16 0 0 0 122.6.61l-104 24A24 24 0 0 0 0 48c0 256.5 207.9 464 464 464a24 24 0 0 0 23.4-18.6l24-104a24.29 24.29 0 0 0-14.01-27.6z\"><\/path><\/svg>\t\t\t\t\t\t\t\t<\/span>\n\t\t\t\t\t\t\t<\/div>\n\t\t\t\t\t\t<\/div>\n\t\t\t\t\t\t<div class=\"eael-feature-list-content-box\">\n                            <h5 class=\"eael-feature-list-title\">Nazovite nas<\/h5>\t\t\t\t\t\t<p class=\"eael-feature-list-content\">+385 97 694 2401<\/p>\n\t\t\t\t\t\t<\/div>\n\n\t\t\t\t\t<\/li>\n\t\t\t\t\t\t\t<\/ul>\n\t\t<\/div>\n\t\t\t\t\t\t<\/div>\n\t\t\t\t<\/div>\n\t\t\t\t<\/div>\n\t\t\t\t\t<\/div>\n\t\t\t\t<\/div>\n\t\t<div class=\"elementor-element elementor-element-3d11bac e-flex e-con-boxed e-con e-parent\" data-id=\"3d11bac\" data-element_type=\"container\" data-e-type=\"container\">\n\t\t\t\t\t<div class=\"e-con-inner\">\n\t\t<div class=\"elementor-element elementor-element-29ff31c e-con-full e-flex elementor-invisible e-con e-child\" data-id=\"29ff31c\" data-element_type=\"container\" data-e-type=\"container\" data-settings=\"{&quot;animation&quot;:&quot;fadeInLeft&quot;}\">\n\t\t\t\t<div class=\"elementor-element elementor-element-b31279e elementor-widget elementor-widget-google_maps\" data-id=\"b31279e\" data-element_type=\"widget\" data-e-type=\"widget\" data-widget_type=\"google_maps.default\">\n\t\t\t\t<div class=\"elementor-widget-container\">\n\t\t\t\t\t\t\t<div class=\"elementor-custom-embed\">\n\t\t\t<iframe loading=\"lazy\"\n\t\t\t\t\tsrc=\"https:\/\/maps.google.com\/maps?q=Stinice%2012%2C%2021000%20Split&#038;t=m&#038;z=10&#038;output=embed&#038;iwloc=near\"\n\t\t\t\t\ttitle=\"Stinice 12, 21000 Split\"\n\t\t\t\t\taria-label=\"Stinice 12, 21000 Split\"\n\t\t\t><\/iframe>\n\t\t<\/div>\n\t\t\t\t\t\t<\/div>\n\t\t\t\t<\/div>\n\t\t\t\t<\/div>\n\t\t<div class=\"elementor-element elementor-element-3f59763 e-con-full e-flex elementor-invisible e-con e-child\" data-id=\"3f59763\" data-element_type=\"container\" data-e-type=\"container\" data-settings=\"{&quot;background_background&quot;:&quot;classic&quot;,&quot;animation&quot;:&quot;fadeInRight&quot;}\">\n\t\t\t\t<div class=\"elementor-element elementor-element-a883d76 elementor-widget elementor-widget-heading\" data-id=\"a883d76\" data-element_type=\"widget\" data-e-type=\"widget\" data-widget_type=\"heading.default\">\n\t\t\t\t<div class=\"elementor-widget-container\">\n\t\t\t\t\t<h6 class=\"elementor-heading-title elementor-size-default\">Javite se<\/h6>\t\t\t\t<\/div>\n\t\t\t\t<\/div>\n\t\t\t\t<div class=\"elementor-element elementor-element-9e0dd77 elementor-widget elementor-widget-heading\" data-id=\"9e0dd77\" data-element_type=\"widget\" data-e-type=\"widget\" data-widget_type=\"heading.default\">\n\t\t\t\t<div class=\"elementor-widget-container\">\n\t\t\t\t\t<h2 class=\"elementor-heading-title elementor-size-default\">Posjetite na\u0161 ured<\/h2>\t\t\t\t<\/div>\n\t\t\t\t<\/div>\n\t\t\t\t<div class=\"elementor-element elementor-element-eb902bb elementor-widget elementor-widget-text-editor\" data-id=\"eb902bb\" data-element_type=\"widget\" data-e-type=\"widget\" data-widget_type=\"text-editor.default\">\n\t\t\t\t<div class=\"elementor-widget-container\">\n\t\t\t\t\t\t\t\t\t<p>Posjetitelje primamo uz najavu! Na\u0161 ured je otvoren <strong data-start=\"180\" data-end=\"224\">od ponedjeljka do petka od 9:00 do 17:00 h<\/strong> , ali Vas molimo da unaprijed zaka\u017eete posjet. <\/p>\t\t\t\t\t\t\t\t<\/div>\n\t\t\t\t<\/div>\n\t\t<div class=\"elementor-element elementor-element-c8ee6f7 e-con-full e-flex e-con e-child\" data-id=\"c8ee6f7\" data-element_type=\"container\" data-e-type=\"container\">\n\t\t<div class=\"elementor-element elementor-element-0881925 e-con-full e-flex e-con e-child\" data-id=\"0881925\" data-element_type=\"container\" data-e-type=\"container\">\n\t\t\t\t<div class=\"elementor-element elementor-element-2adeed6 elementor-widget elementor-widget-elementskit-business-hours\" data-id=\"2adeed6\" data-element_type=\"widget\" data-e-type=\"widget\" data-widget_type=\"elementskit-business-hours.default\">\n\t\t\t\t<div class=\"elementor-widget-container\">\n\t\t\t\t\t<div class=\"ekit-wid-con\" >\t\t<div class=\"ekit-business-hours-inner\">\n\t\t\t\t\t\t<div class=\"ekit-single-day elementor-repeater-item-927f0e7 \">\n\t\t\t\t\t\t\t\t<span class=\"ekit-business-day\">ponedjeljak<\/span>\n\t\t\t\t\t\t\t\t<span class=\"ekit-business-time\">09:00 - 17:00<\/span>\n\t\t\t\t\t\t\t<\/div>\n\t\t\t\t\t\t<div class=\"ekit-single-day elementor-repeater-item-f384c7c \">\n\t\t\t\t\t\t\t\t<span class=\"ekit-business-day\">utorak<\/span>\n\t\t\t\t\t\t\t\t<span class=\"ekit-business-time\">09:00 - 17:00<\/span>\n\t\t\t\t\t\t\t<\/div>\n\t\t\t\t\t\t<div class=\"ekit-single-day elementor-repeater-item-32299aa \">\n\t\t\t\t\t\t\t\t<span class=\"ekit-business-day\">srijeda<\/span>\n\t\t\t\t\t\t\t\t<span class=\"ekit-business-time\">09:00 - 17:00<\/span>\n\t\t\t\t\t\t\t<\/div>\n\t\t\t\t\t\t<div class=\"ekit-single-day elementor-repeater-item-4842031 \">\n\t\t\t\t\t\t\t\t<span class=\"ekit-business-day\">\u010detvrtak<\/span>\n\t\t\t\t\t\t\t\t<span class=\"ekit-business-time\">09:00 - 17:00<\/span>\n\t\t\t\t\t\t\t<\/div>\n\t\t\t\t\t\t<div class=\"ekit-single-day elementor-repeater-item-c9959d6 \">\n\t\t\t\t\t\t\t\t<span class=\"ekit-business-day\">petak<\/span>\n\t\t\t\t\t\t\t\t<span class=\"ekit-business-time\">09:00 - 17:00<\/span>\n\t\t\t\t\t\t\t<\/div>\n\t\t\t\t\t\t<div class=\"ekit-single-day elementor-repeater-item-85d0011 ekit-closed-day\">\n\t\t\t\t\t\t\t\t<span class=\"ekit-business-day\">subota<\/span>\n\t\t\t\t\t\t\t\t<span class=\"ekit-business-time\">Zatvoreno.<\/span>\n\t\t\t\t\t\t\t<\/div>\n\t\t\t\t\t\t<div class=\"ekit-single-day elementor-repeater-item-2fd57c5 ekit-closed-day\">\n\t\t\t\t\t\t\t\t<span class=\"ekit-business-day\">nedjelja<\/span>\n\t\t\t\t\t\t\t\t<span class=\"ekit-business-time\">Zatvoreno.<\/span>\n\t\t\t\t\t\t\t<\/div>\n\t\t\t\t\t<\/div>\n        <\/div>\t\t\t\t<\/div>\n\t\t\t\t<\/div>\n\t\t\t\t<\/div>\n\t\t\t\t<\/div>\n\t\t\t\t<\/div>\n\t\t\t\t\t<\/div>\n\t\t\t\t<\/div>\n\t\t\t\t<\/div>\n\t\t","protected":false},"excerpt":{"rendered":"<p>Dom Razgovarajmo Dobra pri\u010da po\u010dinje jednostavnim pozdravom. Ovdje smo da pomognemo! Bez obzira trebate li stru\u010dno vodstvo o projektima Horizon Europe ili se samo \u017eelite pozdraviti, obratite nam se u bilo kojem trenutku. Mjesto Stinice 12, 21000 Split Po\u0161aljite nam e-po\u0161tu info@syntagma-novitas.eu Nazovite nas +385 97 694 2401 Javite se Posjetite na\u0161 ured Posjetitelje primamo [&hellip;]<\/p>\n","protected":false},"author":1,"featured_media":0,"parent":0,"menu_order":0,"comment_status":"closed","ping_status":"closed","template":"elementor_header_footer","meta":{"footnotes":""},"class_list":["post-411","page","type-page","status-publish","hentry"],"yoast_head":"<!-- This site is optimized with the Yoast SEO plugin v27.6 - https:\/\/yoast.com\/product\/yoast-seo-wordpress\/ -->\n<title>Kontakt - Syntagma Novitas.eu<\/title>\n<meta name=\"robots\" content=\"index, follow, max-snippet:-1, max-image-preview:large, max-video-preview:-1\" \/>\n<link rel=\"canonical\" href=\"https:\/\/www.syntagma-novitas.eu\/hr\/kontakt\/\" \/>\n<meta property=\"og:locale\" content=\"hr_HR\" \/>\n<meta property=\"og:type\" content=\"article\" \/>\n<meta property=\"og:title\" content=\"Kontakt - Syntagma Novitas.eu\" \/>\n<meta property=\"og:description\" content=\"Dom Razgovarajmo Dobra pri\u010da po\u010dinje jednostavnim pozdravom. Ovdje smo da pomognemo! Bez obzira trebate li stru\u010dno vodstvo o projektima Horizon Europe ili se samo \u017eelite pozdraviti, obratite nam se u bilo kojem trenutku. Mjesto Stinice 12, 21000 Split Po\u0161aljite nam e-po\u0161tu info@syntagma-novitas.eu Nazovite nas +385 97 694 2401 Javite se Posjetite na\u0161 ured Posjetitelje primamo [&hellip;]\" \/>\n<meta property=\"og:url\" content=\"https:\/\/www.syntagma-novitas.eu\/hr\/kontakt\/\" \/>\n<meta property=\"og:site_name\" content=\"Syntagma Novitas.eu\" \/>\n<meta property=\"article:modified_time\" content=\"2025-03-27T13:19:51+00:00\" \/>\n<meta name=\"twitter:card\" content=\"summary_large_image\" \/>\n<script type=\"application\/ld+json\" class=\"yoast-schema-graph\">{\"@context\":\"https:\\\/\\\/schema.org\",\"@graph\":[{\"@type\":\"WebPage\",\"@id\":\"https:\\\/\\\/www.syntagma-novitas.eu\\\/hr\\\/kontakt\\\/\",\"url\":\"https:\\\/\\\/www.syntagma-novitas.eu\\\/hr\\\/kontakt\\\/\",\"name\":\"Kontakt - Syntagma Novitas.eu\",\"isPartOf\":{\"@id\":\"https:\\\/\\\/www.syntagma-novitas.eu\\\/hr\\\/#website\"},\"datePublished\":\"2025-03-11T14:10:55+00:00\",\"dateModified\":\"2025-03-27T13:19:51+00:00\",\"breadcrumb\":{\"@id\":\"https:\\\/\\\/www.syntagma-novitas.eu\\\/hr\\\/kontakt\\\/#breadcrumb\"},\"inLanguage\":\"hr\",\"potentialAction\":[{\"@type\":\"ReadAction\",\"target\":[\"https:\\\/\\\/www.syntagma-novitas.eu\\\/hr\\\/kontakt\\\/\"]}]},{\"@type\":\"BreadcrumbList\",\"@id\":\"https:\\\/\\\/www.syntagma-novitas.eu\\\/hr\\\/kontakt\\\/#breadcrumb\",\"itemListElement\":[{\"@type\":\"ListItem\",\"position\":1,\"name\":\"Home\",\"item\":\"https:\\\/\\\/www.syntagma-novitas.eu\\\/hr\\\/\"},{\"@type\":\"ListItem\",\"position\":2,\"name\":\"Kontakt\"}]},{\"@type\":\"WebSite\",\"@id\":\"https:\\\/\\\/www.syntagma-novitas.eu\\\/hr\\\/#website\",\"url\":\"https:\\\/\\\/www.syntagma-novitas.eu\\\/hr\\\/\",\"name\":\"Syntagma\",\"description\":\"Syntagma Novitas.eu\",\"publisher\":{\"@id\":\"https:\\\/\\\/www.syntagma-novitas.eu\\\/hr\\\/#organization\"},\"potentialAction\":[{\"@type\":\"SearchAction\",\"target\":{\"@type\":\"EntryPoint\",\"urlTemplate\":\"https:\\\/\\\/www.syntagma-novitas.eu\\\/hr\\\/?s={search_term_string}\"},\"query-input\":{\"@type\":\"PropertyValueSpecification\",\"valueRequired\":true,\"valueName\":\"search_term_string\"}}],\"inLanguage\":\"hr\"},{\"@type\":\"Organization\",\"@id\":\"https:\\\/\\\/www.syntagma-novitas.eu\\\/hr\\\/#organization\",\"name\":\"Syntagma Novitas\",\"url\":\"https:\\\/\\\/www.syntagma-novitas.eu\\\/hr\\\/\",\"logo\":{\"@type\":\"ImageObject\",\"inLanguage\":\"hr\",\"@id\":\"https:\\\/\\\/www.syntagma-novitas.eu\\\/hr\\\/#\\\/schema\\\/logo\\\/image\\\/\",\"url\":\"https:\\\/\\\/www.syntagma-novitas.eu\\\/wp-content\\\/uploads\\\/2025\\\/03\\\/syntagma_colors_hexa.pdf-360-x-150-piks.png\",\"contentUrl\":\"https:\\\/\\\/www.syntagma-novitas.eu\\\/wp-content\\\/uploads\\\/2025\\\/03\\\/syntagma_colors_hexa.pdf-360-x-150-piks.png\",\"width\":360,\"height\":150,\"caption\":\"Syntagma Novitas\"},\"image\":{\"@id\":\"https:\\\/\\\/www.syntagma-novitas.eu\\\/hr\\\/#\\\/schema\\\/logo\\\/image\\\/\"}}]}<\/script>\n<!-- \/ Yoast SEO plugin. -->","yoast_head_json":{"title":"Kontakt - Syntagma Novitas.eu","robots":{"index":"index","follow":"follow","max-snippet":"max-snippet:-1","max-image-preview":"max-image-preview:large","max-video-preview":"max-video-preview:-1"},"canonical":"https:\/\/www.syntagma-novitas.eu\/hr\/kontakt\/","og_locale":"hr_HR","og_type":"article","og_title":"Kontakt - Syntagma Novitas.eu","og_description":"Dom Razgovarajmo Dobra pri\u010da po\u010dinje jednostavnim pozdravom. Ovdje smo da pomognemo! Bez obzira trebate li stru\u010dno vodstvo o projektima Horizon Europe ili se samo \u017eelite pozdraviti, obratite nam se u bilo kojem trenutku. Mjesto Stinice 12, 21000 Split Po\u0161aljite nam e-po\u0161tu info@syntagma-novitas.eu Nazovite nas +385 97 694 2401 Javite se Posjetite na\u0161 ured Posjetitelje primamo [&hellip;]","og_url":"https:\/\/www.syntagma-novitas.eu\/hr\/kontakt\/","og_site_name":"Syntagma Novitas.eu","article_modified_time":"2025-03-27T13:19:51+00:00","twitter_card":"summary_large_image","schema":{"@context":"https:\/\/schema.org","@graph":[{"@type":"WebPage","@id":"https:\/\/www.syntagma-novitas.eu\/hr\/kontakt\/","url":"https:\/\/www.syntagma-novitas.eu\/hr\/kontakt\/","name":"Kontakt - Syntagma Novitas.eu","isPartOf":{"@id":"https:\/\/www.syntagma-novitas.eu\/hr\/#website"},"datePublished":"2025-03-11T14:10:55+00:00","dateModified":"2025-03-27T13:19:51+00:00","breadcrumb":{"@id":"https:\/\/www.syntagma-novitas.eu\/hr\/kontakt\/#breadcrumb"},"inLanguage":"hr","potentialAction":[{"@type":"ReadAction","target":["https:\/\/www.syntagma-novitas.eu\/hr\/kontakt\/"]}]},{"@type":"BreadcrumbList","@id":"https:\/\/www.syntagma-novitas.eu\/hr\/kontakt\/#breadcrumb","itemListElement":[{"@type":"ListItem","position":1,"name":"Home","item":"https:\/\/www.syntagma-novitas.eu\/hr\/"},{"@type":"ListItem","position":2,"name":"Kontakt"}]},{"@type":"WebSite","@id":"https:\/\/www.syntagma-novitas.eu\/hr\/#website","url":"https:\/\/www.syntagma-novitas.eu\/hr\/","name":"Syntagma","description":"Syntagma Novitas.eu","publisher":{"@id":"https:\/\/www.syntagma-novitas.eu\/hr\/#organization"},"potentialAction":[{"@type":"SearchAction","target":{"@type":"EntryPoint","urlTemplate":"https:\/\/www.syntagma-novitas.eu\/hr\/?s={search_term_string}"},"query-input":{"@type":"PropertyValueSpecification","valueRequired":true,"valueName":"search_term_string"}}],"inLanguage":"hr"},{"@type":"Organization","@id":"https:\/\/www.syntagma-novitas.eu\/hr\/#organization","name":"Syntagma Novitas","url":"https:\/\/www.syntagma-novitas.eu\/hr\/","logo":{"@type":"ImageObject","inLanguage":"hr","@id":"https:\/\/www.syntagma-novitas.eu\/hr\/#\/schema\/logo\/image\/","url":"https:\/\/www.syntagma-novitas.eu\/wp-content\/uploads\/2025\/03\/syntagma_colors_hexa.pdf-360-x-150-piks.png","contentUrl":"https:\/\/www.syntagma-novitas.eu\/wp-content\/uploads\/2025\/03\/syntagma_colors_hexa.pdf-360-x-150-piks.png","width":360,"height":150,"caption":"Syntagma Novitas"},"image":{"@id":"https:\/\/www.syntagma-novitas.eu\/hr\/#\/schema\/logo\/image\/"}}]}},"_links":{"self":[{"href":"https:\/\/www.syntagma-novitas.eu\/hr\/wp-json\/wp\/v2\/pages\/411","targetHints":{"allow":["GET"]}}],"collection":[{"href":"https:\/\/www.syntagma-novitas.eu\/hr\/wp-json\/wp\/v2\/pages"}],"about":[{"href":"https:\/\/www.syntagma-novitas.eu\/hr\/wp-json\/wp\/v2\/types\/page"}],"author":[{"embeddable":true,"href":"https:\/\/www.syntagma-novitas.eu\/hr\/wp-json\/wp\/v2\/users\/1"}],"replies":[{"embeddable":true,"href":"https:\/\/www.syntagma-novitas.eu\/hr\/wp-json\/wp\/v2\/comments?post=411"}],"version-history":[{"count":1,"href":"https:\/\/www.syntagma-novitas.eu\/hr\/wp-json\/wp\/v2\/pages\/411\/revisions"}],"predecessor-version":[{"id":412,"href":"https:\/\/www.syntagma-novitas.eu\/hr\/wp-json\/wp\/v2\/pages\/411\/revisions\/412"}],"wp:attachment":[{"href":"https:\/\/www.syntagma-novitas.eu\/hr\/wp-json\/wp\/v2\/media?parent=411"}],"curies":[{"name":"wp","href":"https:\/\/api.w.org\/{rel}","templated":true}]}}